{"id":134,"date":"2023-12-11T18:45:50","date_gmt":"2023-12-11T18:45:50","guid":{"rendered":"https:\/\/www.vprdeluxe.com\/?post_type=product&#038;p=134"},"modified":"2025-07-24T12:09:40","modified_gmt":"2025-07-24T12:09:40","slug":"vaper-desechable-bang-blaze-dos-sabores-40k-puffs","status":"publish","type":"product","link":"https:\/\/www.vprdeluxe.com\/index.php\/producto\/vaper-desechable-bang-blaze-dos-sabores-40k-puffs\/","title":{"rendered":"Vaper Bang Blaze dos sabores 40K Puffs"},"content":{"rendered":"<div class=\"fusion-fullwidth fullwidth-box fusion-builder-row-1 fusion-flex-container nonhundred-percent-fullwidth non-hundred-percent-height-scrolling\" style=\"--awb-border-radius-top-left:0px;--awb-border-radius-top-right:0px;--awb-border-radius-bottom-right:0px;--awb-border-radius-bottom-left:0px;--awb-flex-wrap:wrap;\" ><div class=\"fusion-builder-row fusion-row fusion-flex-align-items-flex-start fusion-flex-content-wrap\" style=\"max-width:1526.72px;margin-left: calc(-4% \/ 2 );margin-right: calc(-4% \/ 2 );\"><div class=\"fusion-layout-column fusion_builder_column fusion-builder-column-0 fusion_builder_column_1_1 1_1 fusion-flex-column\" style=\"--awb-bg-blend:overlay;--awb-bg-size:cover;--awb-width-large:100%;--awb-margin-top-large:0px;--awb-spacing-right-large:1.92%;--awb-margin-bottom-large:0px;--awb-spacing-left-large:1.92%;--awb-width-medium:100%;--awb-spacing-right-medium:1.92%;--awb-spacing-left-medium:1.92%;--awb-width-small:100%;--awb-spacing-right-small:1.92%;--awb-spacing-left-small:1.92%;\"><div class=\"fusion-column-wrapper fusion-flex-justify-content-flex-start fusion-content-layout-column\"><div class=\"fusion-text fusion-text-1 fusion-text-no-margin\" style=\"--awb-margin-bottom:50px;\"><p data-start=\"131\" data-end=\"531\">\u00bfListo para llevar tu vapeo al siguiente nivel? El <strong data-start=\"182\" data-end=\"199\">Bang King 40k<\/strong> est\u00e1 hecho para ti. Con <em data-start=\"224\" data-end=\"240\">40.000 caladas<\/em>, olv\u00eddate de estar recargando todo el rato y disfruta sin parar. Su dise\u00f1o con <strong data-start=\"320\" data-end=\"335\">doble sabor<\/strong> te permite cambiar de uno a otro solo deslizando la boquilla lateral. As\u00ed de f\u00e1cil, as\u00ed de cool. Adem\u00e1s, tiene un look rectangular super elegante y c\u00f3modo de llevar en la mano o en el bolsillo.<\/p>\n<p data-start=\"535\" data-end=\"806\">Con bater\u00eda de <strong data-start=\"550\" data-end=\"561\">650 mAh<\/strong> y carga r\u00e1pida por <strong data-start=\"581\" data-end=\"595\">USB tipo C<\/strong>, siempre est\u00e1 listo cuando t\u00fa lo est\u00e9s. Y gracias a su resistencia de <strong data-start=\"666\" data-end=\"674\">1.2\u03a9<\/strong>, te da una calada suave y constante donde sea que est\u00e9s. El <strong data-start=\"735\" data-end=\"752\">Bang King 40k<\/strong> no es solo un vaper, es tu nuevo compa\u00f1ero de estilo.<\/p>\n<\/div><div class=\"fusion-image-element awb-imageframe-style awb-imageframe-style-below awb-imageframe-style-1\" style=\"--awb-aspect-ratio: 100 \/ 49;--awb-margin-bottom:60px;--awb-caption-title-color:var(--awb-color3);--awb-caption-margin-top:30px;--awb-caption-title-font-family:var(--h4_typography-font-family);--awb-caption-title-font-weight:var(--h4_typography-font-weight);--awb-caption-title-font-style:var(--h4_typography-font-style);--awb-caption-title-size:var(--h4_typography-font-size);--awb-caption-title-transform:var(--h4_typography-text-transform);--awb-caption-title-line-height:var(--h4_typography-line-height);--awb-caption-title-letter-spacing:var(--h4_typography-letter-spacing);\"><span class=\" fusion-imageframe imageframe-none imageframe-1 hover-type-none has-aspect-ratio\"><img decoding=\"async\" width=\"1224\" height=\"774\" alt=\"Person Holding a Vape\" title=\"Person Holding a Vape\" src=\"data:image\/svg+xml,%3Csvg%20xmlns%3D%27http%3A%2F%2Fwww.w3.org%2F2000%2Fsvg%27%20width%3D%271224%27%20height%3D%27774%27%20viewBox%3D%270%200%201224%20774%27%3E%3Crect%20width%3D%271224%27%20height%3D%27774%27%20fill-opacity%3D%220%22%2F%3E%3C%2Fsvg%3E\" data-orig-src=\"https:\/\/www.vprdeluxe.com\/wp-content\/uploads\/2025\/06\/vapersx.jpg\" class=\"lazyload img-responsive wp-image-546 img-with-aspect-ratio\" data-parent-fit=\"cover\" data-parent-container=\".fusion-image-element\" \/><\/span><div class=\"awb-imageframe-caption-container\" style=\"text-align:center;\"><div class=\"awb-imageframe-caption\"><h4 class=\"awb-imageframe-caption-title\">20 combinaciones \/ 40 sabores<\/h4><\/div><\/div><\/div><div class=\"fusion-text fusion-text-2 fusion-text-no-margin\" style=\"--awb-margin-bottom:50px;\"><p>Bocanadas: 20000*2<\/p>\n<p>Capacidad de la bater\u00eda:650mAh<\/p>\n<p>E-L\u00edquido Volumen: 20ml*2<\/p>\n<p>Contenido de nicotina: 0% SIN NICOTINA<\/p>\n<p>Facci\u00f3n\uff1aSabores dobles\/Interruptor basculante<\/p>\n<p>Embalaje: 10 piezas en 1 caja expositora<\/p>\n<p>Recargable tipo C<\/p>\n<p>Indicador de carga y e-l\u00edquido<\/p>\n<p>Resistencia del alambre calefactor:Doble n\u00facleo de malla 1.0Q<\/p>\n<\/div><\/div><\/div><\/div><\/div>\n","protected":false},"excerpt":{"rendered":"<p>De 1 a 9 unds.\u00a0 \u00a0 \u00a0\u00b7\u00a0 \u00a0 \u00a0 9,50\u20ac<br \/>\nDe 10 a 19 unds.\u00a0 \u00a0\u00b7\u00a0 \u00a09,00\u20ac<br \/>\nDe 20 a 29 unds.\u00a0 \u00a0\u00b7\u00a0 \u00a08,50\u20ac<br \/>\nDe 30 a 49 unds.\u00a0 \u00a0\u00b7\u00a0 \u00a08,35\u20ac<\/p>\n","protected":false},"featured_media":924,"comment_status":"closed","ping_status":"closed","template":"","meta":{"_acf_changed":false},"product_brand":[],"product_cat":[17],"product_tag":[],"class_list":{"0":"post-134","1":"product","2":"type-product","3":"status-publish","4":"has-post-thumbnail","6":"product_cat-vapers","8":"first","9":"instock","10":"taxable","11":"shipping-taxable","12":"purchasable","13":"product-type-variable"},"acf":[],"_links":{"self":[{"href":"https:\/\/www.vprdeluxe.com\/index.php\/wp-json\/wp\/v2\/product\/134","targetHints":{"allow":["GET"]}}],"collection":[{"href":"https:\/\/www.vprdeluxe.com\/index.php\/wp-json\/wp\/v2\/product"}],"about":[{"href":"https:\/\/www.vprdeluxe.com\/index.php\/wp-json\/wp\/v2\/types\/product"}],"replies":[{"embeddable":true,"href":"https:\/\/www.vprdeluxe.com\/index.php\/wp-json\/wp\/v2\/comments?post=134"}],"wp:featuredmedia":[{"embeddable":true,"href":"https:\/\/www.vprdeluxe.com\/index.php\/wp-json\/wp\/v2\/media\/924"}],"wp:attachment":[{"href":"https:\/\/www.vprdeluxe.com\/index.php\/wp-json\/wp\/v2\/media?parent=134"}],"wp:term":[{"taxonomy":"product_brand","embeddable":true,"href":"https:\/\/www.vprdeluxe.com\/index.php\/wp-json\/wp\/v2\/product_brand?post=134"},{"taxonomy":"product_cat","embeddable":true,"href":"https:\/\/www.vprdeluxe.com\/index.php\/wp-json\/wp\/v2\/product_cat?post=134"},{"taxonomy":"product_tag","embeddable":true,"href":"https:\/\/www.vprdeluxe.com\/index.php\/wp-json\/wp\/v2\/product_tag?post=134"}],"curies":[{"name":"wp","href":"https:\/\/api.w.org\/{rel}","templated":true}]}}